{"id":328,"date":"2016-09-06T17:38:08","date_gmt":"2016-09-06T15:38:08","guid":{"rendered":"http:\/\/blog.artleder.pl\/?page_id=328"},"modified":"2016-09-06T17:41:57","modified_gmt":"2016-09-06T15:41:57","slug":"czym-sie-zajmujemy","status":"publish","type":"page","link":"https:\/\/blog.artleder.pl\/?page_id=328","title":{"rendered":"Czym si\u0119 zajmujemy"},"content":{"rendered":"<p>\n\tSZANOWNI PA\u0143STWO\n<\/p>\n<p>\n\tJESTE\u015aMY PRODUCENTEM WYROB&Oacute;W KALETNICZYCH Z WIELOLETNI\u0104 PRAKTYK\u0104 I ZNAJOMO\u015aCI\u0104 ZAWODU.<br \/>\n\tOFERUJEMY SZEROK\u0104 GAM\u0118 PRODUKT&Oacute;W ZE SK&Oacute;R NATURALNYCH. NASZE WYROBY PRODUKOWANE OD 1983 ROKU CECHUJE SOLIDNO\u015a\u0106 KRAKOWSKIEGO RZEMIOS\u0141A.\n<\/p>\n<p>\n\tJeste\u015bmy producentem wyrob&oacute;w kaletniczych i galanterii sk&oacute;rzanej z najbardziej szlachetnego materia\u0142u naturalnego jakim jest sk&oacute;ra.<br \/>\n\tAsortyment naszej produkcji obejmuje:\n<\/p>\n<p>\n\t.akt&oacute;wki<br \/>\n\t.organizery<br \/>\n\t.plecaki<br \/>\n\t.paski<br \/>\n\t.teczki<br \/>\n\t.teczki sportowe<br \/>\n\t.teczki i torby na laptopy<br \/>\n\t.torby sportowe<br \/>\n\t.torebki damskie<br \/>\n\t.torby turystyczne<br \/>\n\t.drobn\u0105 galanteri\u0119 sk&oacute;rzan\u0105\n<\/p>\n<p>\n\tCa\u0142o\u015b\u0107 naszej produkcji jest wykonana z naturalnych sk&oacute;r.Sk&oacute;ra jest najlepszym i najwy\u017cszej klasy materia\u0142em do produkcji wyrob&oacute;w kaletniczych.<br \/>\n\tSwymi walorami u\u017cytkowymi i trwa\u0142o\u015bci\u0105 wielokrotnie przewy\u017csza ona materia\u0142y produkowane sztucznie jak sk&oacute;ry ekologiczne , sk&oacute;ry sztuczne , tkaniny i materia\u0142y sztuczne.<br \/>\n\tMog\u0105 one stanowi\u0107 co najwy\u017cej jej miern\u0105 namiastk\u0119 tak wizualn\u0105 jak i trwa\u0142o\u015bci i jako\u015bci.<br \/>\n\tNasze wyroby s\u0105 w ca\u0142o\u015bci wyprodukowane w Polsce . S\u0105 naszym pomys\u0142em i projektem a ich wykonanie jest dzie\u0142em naszych r\u0105k.<br \/>\n\tKa\u017cdy nasz wyr&oacute;b jest w ca\u0142o\u015bci wykonany z naturalnej sk&oacute;ry. Dodatkami do naszych wyrob&oacute;w s\u0105 wysokiej klasy i trwa\u0142o\u015bci podszewki i okucia rymarskie i kaletnicze.<br \/>\n\tKupuj\u0105c nasze wyroby otrzymujecie Pa\u0144stwo:\n<\/p>\n<p>\n\t.dow&oacute;d zakupu<br \/>\n\t.24 miesi\u0119czn\u0105 r\u0119kojmi\u0119<br \/>\n\t. dla os&oacute;b prowadz\u0105cych dzia\u0142alno\u015b\u0107 gospodarcz\u0105&nbsp; rachunek ( po uprzednim zg\u0142oszeniu takiej potrzeby)\n<\/p>\n<p>\n\tZ POSZANOWANIEM . PROWADZ\u0104CY ZAK\u0141AD<\/p>\n","protected":false},"excerpt":{"rendered":"<p>SZANOWNI PA\u0143STWO JESTE\u015aMY PRODUCENTEM WYROB&Oacute;W KALETNICZYCH Z WIELOLETNI\u0104 PRAKTYK\u0104 I ZNAJOMO\u015aCI\u0104 ZAWODU. OFERUJEMY SZEROK\u0104 GAM\u0118 PRODUKT&Oacute;W ZE SK&Oacute;R NATURALNYCH. NASZE WYROBY PRODUKOWANE OD 1983 ROKU CECHUJE SOLIDNO\u015a\u0106 KRAKOWSKIEGO RZEMIOS\u0141A. Jeste\u015bmy producentem wyrob&oacute;w kaletniczych i galanterii sk&oacute;rzanej z najbardziej szlachetnego materia\u0142u naturalnego jakim jest sk&oacute;ra. Asortyment naszej produkcji obejmuje: .akt&oacute;wki .organizery .plecaki .paski .teczki .teczki sportowe &#8230; <a title=\"Czym si\u0119 zajmujemy\" class=\"read-more\" href=\"https:\/\/blog.artleder.pl\/?page_id=328\" aria-label=\"Read more about Czym si\u0119 zajmujemy\">Dowiedz si\u0119 wi\u0119cej<\/a><\/p>\n","protected":false},"author":1,"featured_media":0,"parent":2,"menu_order":11,"comment_status":"closed","ping_status":"closed","template":"","meta":{"footnotes":""},"_links":{"self":[{"href":"https:\/\/blog.artleder.pl\/index.php?rest_route=\/wp\/v2\/pages\/328"}],"collection":[{"href":"https:\/\/blog.artleder.pl\/index.php?rest_route=\/wp\/v2\/pages"}],"about":[{"href":"https:\/\/blog.artleder.pl\/index.php?rest_route=\/wp\/v2\/types\/page"}],"author":[{"embeddable":true,"href":"https:\/\/blog.artleder.pl\/index.php?rest_route=\/wp\/v2\/users\/1"}],"replies":[{"embeddable":true,"href":"https:\/\/blog.artleder.pl\/index.php?rest_route=%2Fwp%2Fv2%2Fcomments&post=328"}],"version-history":[{"count":1,"href":"https:\/\/blog.artleder.pl\/index.php?rest_route=\/wp\/v2\/pages\/328\/revisions"}],"predecessor-version":[{"id":329,"href":"https:\/\/blog.artleder.pl\/index.php?rest_route=\/wp\/v2\/pages\/328\/revisions\/329"}],"up":[{"embeddable":true,"href":"https:\/\/blog.artleder.pl\/index.php?rest_route=\/wp\/v2\/pages\/2"}],"wp:attachment":[{"href":"https:\/\/blog.artleder.pl\/index.php?rest_route=%2Fwp%2Fv2%2Fmedia&parent=328"}],"curies":[{"name":"wp","href":"https:\/\/api.w.org\/{rel}","templated":true}]}}